{"id":15,"date":"2023-04-19T14:21:04","date_gmt":"2023-04-19T19:21:04","guid":{"rendered":"http:\/\/www.mdbellavista.gob.pe\/wordpress\/?page_id=15"},"modified":"2024-08-15T13:09:12","modified_gmt":"2024-08-15T18:09:12","slug":"home","status":"publish","type":"page","link":"https:\/\/www.mdbellavista.gob.pe\/wordpress\/","title":{"rendered":"Home"},"content":{"rendered":"\n<p class=\"has-text-align-center\"><\/p>\n\n\n\n<p class=\"has-text-align-center\"><\/p>\n\n\n\n<h1 class=\"wp-block-heading alignwide has-text-align-center\"> ACUERDOS DE CONCEJO<\/h1>\n\n\n<div class=\"pt-cv-wrapper\"><div class=\"pt-cv-view pt-cv-grid pt-cv-colsys\" id=\"pt-cv-view-05d0c0296e\"><div data-id=\"pt-cv-page-1\" class=\"pt-cv-page\" data-cvc=\"3\"><div class=\"col-md-4 col-sm-6 col-xs-12 pt-cv-content-item pt-cv-1-col\" ><div class='pt-cv-ifield'><a href=\"https:\/\/www.mdbellavista.gob.pe\/wordpress\/?p=4184\" class=\"_self pt-cv-href-thumbnail pt-cv-thumb-default\" target=\"_self\" ><img fetchpriority=\"high\" decoding=\"async\" width=\"300\" height=\"169\" src=\"https:\/\/www.mdbellavista.gob.pe\/wordpress\/wp-content\/uploads\/2024\/02\/ACUERDOS2024-300x169.png\" class=\"pt-cv-thumbnail\" alt=\"\" srcset=\"https:\/\/www.mdbellavista.gob.pe\/wordpress\/wp-content\/uploads\/2024\/02\/ACUERDOS2024-300x169.png 300w, https:\/\/www.mdbellavista.gob.pe\/wordpress\/wp-content\/uploads\/2024\/02\/ACUERDOS2024.png 612w\" sizes=\"(max-width: 300px) 100vw, 300px\" \/><\/a>\n<h4 class=\"pt-cv-title\"><a href=\"https:\/\/www.mdbellavista.gob.pe\/wordpress\/?p=4184\" class=\"_self\" target=\"_self\" >ACUERDOS DE CONCEJO N\u00b0038-2024-MDB-S<\/a><\/h4>\n<div class=\"pt-cv-content\">APROBAR, el Apoyo Econ\u00f3mico, por el importe de S\/. 5,000.00 (CINCO MIL CON 00\/100 SOLES)., a favor de la tesorera ...<br \/><div class=\"pt-cv-rmwrap\"><a href=\"https:\/\/www.mdbellavista.gob.pe\/wordpress\/?p=4184\" class=\"_self pt-cv-readmore btn btn-success\" target=\"_self\">Leer M\u00e1s<\/a><\/div><\/div><\/div><\/div>\n<div class=\"col-md-4 col-sm-6 col-xs-12 pt-cv-content-item pt-cv-1-col\" ><div class='pt-cv-ifield'><a href=\"https:\/\/www.mdbellavista.gob.pe\/wordpress\/?p=4061\" class=\"_self pt-cv-href-thumbnail pt-cv-thumb-default\" target=\"_self\" ><img fetchpriority=\"high\" decoding=\"async\" width=\"300\" height=\"169\" src=\"https:\/\/www.mdbellavista.gob.pe\/wordpress\/wp-content\/uploads\/2024\/02\/ACUERDOS2024-300x169.png\" class=\"pt-cv-thumbnail\" alt=\"\" srcset=\"https:\/\/www.mdbellavista.gob.pe\/wordpress\/wp-content\/uploads\/2024\/02\/ACUERDOS2024-300x169.png 300w, https:\/\/www.mdbellavista.gob.pe\/wordpress\/wp-content\/uploads\/2024\/02\/ACUERDOS2024.png 612w\" sizes=\"(max-width: 300px) 100vw, 300px\" \/><\/a>\n<h4 class=\"pt-cv-title\"><a href=\"https:\/\/www.mdbellavista.gob.pe\/wordpress\/?p=4061\" class=\"_self\" target=\"_self\" >ACUERDOS DE CONCEJO N\u00b0024 2024-MDB-S<\/a><\/h4>\n<div class=\"pt-cv-content\">\u00a0APROBAR la suscripci\u00f3n de firma de CONVENIO INTERINSTITUCIONAL ENTRE LA MUNICIPALIDAD DISTRITAL DE BELLAVISTA-SULLANA Y EL INSTITUTO DE EDUCACI\u00d3N SUPERIOR ...<br \/><div class=\"pt-cv-rmwrap\"><a href=\"https:\/\/www.mdbellavista.gob.pe\/wordpress\/?p=4061\" class=\"_self pt-cv-readmore btn btn-success\" target=\"_self\">Leer M\u00e1s<\/a><\/div><\/div><\/div><\/div>\n<div class=\"col-md-4 col-sm-6 col-xs-12 pt-cv-content-item pt-cv-1-col\" ><div class='pt-cv-ifield'><a href=\"https:\/\/www.mdbellavista.gob.pe\/wordpress\/?p=4418\" class=\"_self pt-cv-href-thumbnail pt-cv-thumb-default\" target=\"_self\" ><img fetchpriority=\"high\" decoding=\"async\" width=\"300\" height=\"169\" src=\"https:\/\/www.mdbellavista.gob.pe\/wordpress\/wp-content\/uploads\/2024\/02\/ACUERDOS2024-300x169.png\" class=\"pt-cv-thumbnail\" alt=\"\" srcset=\"https:\/\/www.mdbellavista.gob.pe\/wordpress\/wp-content\/uploads\/2024\/02\/ACUERDOS2024-300x169.png 300w, https:\/\/www.mdbellavista.gob.pe\/wordpress\/wp-content\/uploads\/2024\/02\/ACUERDOS2024.png 612w\" sizes=\"(max-width: 300px) 100vw, 300px\" \/><\/a>\n<h4 class=\"pt-cv-title\"><a href=\"https:\/\/www.mdbellavista.gob.pe\/wordpress\/?p=4418\" class=\"_self\" target=\"_self\" >ACUERDO DE CONSEJO N\u00b0043-2024-MDB-S<\/a><\/h4>\n<div class=\"pt-cv-content\">APROBAR, lo solicitado por el Dr. Abi Gabriel Oblitas Palacios - integrante de la Direcci\u00f3n Regional de Salud - Direcci\u00f3n ...<br \/><div class=\"pt-cv-rmwrap\"><a href=\"https:\/\/www.mdbellavista.gob.pe\/wordpress\/?p=4418\" class=\"_self pt-cv-readmore btn btn-success\" target=\"_self\">Leer M\u00e1s<\/a><\/div><\/div><\/div><\/div><\/div><\/div><\/div>\n\n\n\n<div class=\"wp-block-buttons is-content-justification-center is-layout-flex wp-container-core-buttons-is-layout-1 wp-block-buttons-is-layout-flex\">\n<div class=\"wp-block-button is-style-outline is-style-outline--21c82a2dfc9824a31181055ffc148970\"><a class=\"wp-block-button__link has-accent-color has-white-background-color has-text-color has-background wp-element-button\" href=\"http:\/\/www.mdbellavista.gob.pe\/wordpress\/?cat=3\"><strong>Ver m\u00e1s acuerdos&#8230;<\/strong><\/a><\/div>\n<\/div>\n\n\n\n<div style=\"height:22px\" aria-hidden=\"true\" class=\"wp-block-spacer\"><\/div>\n\n\n\n<hr class=\"wp-block-separator has-alpha-channel-opacity\"\/>\n\n\n\n<h1 class=\"wp-block-heading alignwide has-text-align-center\">DECRETOS DE ALCALD\u00cdA<\/h1>\n\n\n<div class=\"pt-cv-wrapper\"><div class=\"pt-cv-view pt-cv-grid pt-cv-colsys\" id=\"pt-cv-view-27c35ccizt\"><div data-id=\"pt-cv-page-1\" class=\"pt-cv-page\" data-cvc=\"3\"><div class=\"col-md-4 col-sm-6 col-xs-12 pt-cv-content-item pt-cv-1-col\" ><div class='pt-cv-ifield'><a href=\"https:\/\/www.mdbellavista.gob.pe\/wordpress\/?p=4254\" class=\"_self pt-cv-href-thumbnail pt-cv-thumb-default\" target=\"_self\" ><img decoding=\"async\" width=\"300\" height=\"169\" src=\"https:\/\/www.mdbellavista.gob.pe\/wordpress\/wp-content\/uploads\/2024\/02\/DECRETOS2024-300x169.png\" class=\"pt-cv-thumbnail\" alt=\"\" srcset=\"https:\/\/www.mdbellavista.gob.pe\/wordpress\/wp-content\/uploads\/2024\/02\/DECRETOS2024-300x169.png 300w, https:\/\/www.mdbellavista.gob.pe\/wordpress\/wp-content\/uploads\/2024\/02\/DECRETOS2024.png 612w\" sizes=\"(max-width: 300px) 100vw, 300px\" \/><\/a>\n<h4 class=\"pt-cv-title\"><a href=\"https:\/\/www.mdbellavista.gob.pe\/wordpress\/?p=4254\" class=\"_self\" target=\"_self\" >DECRETO DE ALCALD\u00cdA N\u00b0007-2024-MDB-S<\/a><\/h4>\n<div class=\"pt-cv-content\">APROBAR CONVOCATORIA Y EL REGLAMENTO DE LA AUDIENCIA P\u00daBLICA DE REDENCION DE CUENTAS DEL MES DE SETIEMBRE DEL A\u00d1O 2024, ...<br \/><div class=\"pt-cv-rmwrap\"><a href=\"https:\/\/www.mdbellavista.gob.pe\/wordpress\/?p=4254\" class=\"_self pt-cv-readmore btn btn-success\" target=\"_self\">Leer M\u00e1s<\/a><\/div><\/div><\/div><\/div>\n<div class=\"col-md-4 col-sm-6 col-xs-12 pt-cv-content-item pt-cv-1-col\" ><div class='pt-cv-ifield'><a href=\"https:\/\/www.mdbellavista.gob.pe\/wordpress\/?p=4545\" class=\"_self pt-cv-href-thumbnail pt-cv-thumb-default\" target=\"_self\" ><img decoding=\"async\" width=\"300\" height=\"169\" src=\"https:\/\/www.mdbellavista.gob.pe\/wordpress\/wp-content\/uploads\/2024\/02\/DECRETOS2024-300x169.png\" class=\"pt-cv-thumbnail\" alt=\"\" srcset=\"https:\/\/www.mdbellavista.gob.pe\/wordpress\/wp-content\/uploads\/2024\/02\/DECRETOS2024-300x169.png 300w, https:\/\/www.mdbellavista.gob.pe\/wordpress\/wp-content\/uploads\/2024\/02\/DECRETOS2024.png 612w\" sizes=\"(max-width: 300px) 100vw, 300px\" \/><\/a>\n<h4 class=\"pt-cv-title\"><a href=\"https:\/\/www.mdbellavista.gob.pe\/wordpress\/?p=4545\" class=\"_self\" target=\"_self\" >DECRETO DE ALCALD\u00cdA N\u00b0007-2024-MDB<\/a><\/h4>\n<div class=\"pt-cv-content\">APROBAR LA CONVOCATORIA Y EL REGLAMENTO DE LA AUDIENCIA P\u00daBLICA DE RENDICI\u00d3N DE CUENTAS DEL MES DE SETIEMBRE,DEL A\u00d1O 2024, ...<br \/><div class=\"pt-cv-rmwrap\"><a href=\"https:\/\/www.mdbellavista.gob.pe\/wordpress\/?p=4545\" class=\"_self pt-cv-readmore btn btn-success\" target=\"_self\">Leer M\u00e1s<\/a><\/div><\/div><\/div><\/div>\n<div class=\"col-md-4 col-sm-6 col-xs-12 pt-cv-content-item pt-cv-1-col\" ><div class='pt-cv-ifield'><a href=\"https:\/\/www.mdbellavista.gob.pe\/wordpress\/?p=5222\" class=\"_self pt-cv-href-thumbnail pt-cv-thumb-default\" target=\"_self\" ><\/a>\n<h4 class=\"pt-cv-title\"><a href=\"https:\/\/www.mdbellavista.gob.pe\/wordpress\/?p=5222\" class=\"_self\" target=\"_self\" >DECRETO DE ALCALD\u00cdA #005-2025-MDB-S<\/a><\/h4>\n<div class=\"pt-cv-content\">DECRETO DE ALCALD\u00cdA #005-2025-MDB-S Declarar DUELO DISTRITAL, durante los d\u00edas 01 y 02 de Agosto de 2025, por el sensible ...<br \/><div class=\"pt-cv-rmwrap\"><a href=\"https:\/\/www.mdbellavista.gob.pe\/wordpress\/?p=5222\" class=\"_self pt-cv-readmore btn btn-success\" target=\"_self\">Leer M\u00e1s<\/a><\/div><\/div><\/div><\/div><\/div><\/div><\/div>\n\n\n\n<div class=\"wp-block-buttons is-content-justification-center is-layout-flex wp-container-core-buttons-is-layout-2 wp-block-buttons-is-layout-flex\">\n<div class=\"wp-block-button is-style-outline is-style-outline--c919b52c722188519be635756e3b2655\"><a class=\"wp-block-button__link has-accent-color has-white-background-color has-text-color has-background wp-element-button\" href=\"http:\/\/www.mdbellavista.gob.pe\/wordpress\/?cat=5\"><strong>Ver m\u00e1s decretos&#8230;<\/strong><\/a><\/div>\n<\/div>\n\n\n\n<div style=\"height:21px\" aria-hidden=\"true\" class=\"wp-block-spacer\"><\/div>\n\n\n\n<hr class=\"wp-block-separator has-alpha-channel-opacity\"\/>\n\n\n\n<h1 class=\"wp-block-heading alignwide has-text-align-center\">ORDENANZAS MUNICIPALES<\/h1>\n\n\n<div class=\"pt-cv-wrapper\"><div class=\"pt-cv-view pt-cv-grid pt-cv-colsys\" id=\"pt-cv-view-e895d58e69\"><div data-id=\"pt-cv-page-1\" class=\"pt-cv-page\" data-cvc=\"3\"><div class=\"col-md-4 col-sm-6 col-xs-12 pt-cv-content-item pt-cv-1-col\" ><div class='pt-cv-ifield'><a href=\"https:\/\/www.mdbellavista.gob.pe\/wordpress\/?p=4603\" class=\"_self pt-cv-href-thumbnail pt-cv-thumb-default\" target=\"_self\" ><img decoding=\"async\" width=\"300\" height=\"169\" src=\"https:\/\/www.mdbellavista.gob.pe\/wordpress\/wp-content\/uploads\/2024\/01\/RESOLUCIONES24-300x169.png\" class=\"pt-cv-thumbnail\" alt=\"\" srcset=\"https:\/\/www.mdbellavista.gob.pe\/wordpress\/wp-content\/uploads\/2024\/01\/RESOLUCIONES24-300x169.png 300w, https:\/\/www.mdbellavista.gob.pe\/wordpress\/wp-content\/uploads\/2024\/01\/RESOLUCIONES24.png 612w\" sizes=\"(max-width: 300px) 100vw, 300px\" \/><\/a>\n<h4 class=\"pt-cv-title\"><a href=\"https:\/\/www.mdbellavista.gob.pe\/wordpress\/?p=4603\" class=\"_self\" target=\"_self\" >ORDENANZA MUNICIPAL N\u00b0004-2024-MDBS-S<\/a><\/h4>\n<div class=\"pt-cv-content\">La presente ordenanza municipal tiene por objeto la modificaci\u00f3n del Texto \u00danico de Procedimientos Administrativos (TUPA) de la Municipalidad Distrital ...<br \/><div class=\"pt-cv-rmwrap\"><a href=\"https:\/\/www.mdbellavista.gob.pe\/wordpress\/?p=4603\" class=\"_self pt-cv-readmore btn btn-success\" target=\"_self\">Leer M\u00e1s<\/a><\/div><\/div><\/div><\/div>\n<div class=\"col-md-4 col-sm-6 col-xs-12 pt-cv-content-item pt-cv-1-col\" ><div class='pt-cv-ifield'><a href=\"https:\/\/www.mdbellavista.gob.pe\/wordpress\/?p=2978\" class=\"_self pt-cv-href-thumbnail pt-cv-thumb-default\" target=\"_self\" ><img loading=\"lazy\" decoding=\"async\" width=\"300\" height=\"169\" src=\"https:\/\/www.mdbellavista.gob.pe\/wordpress\/wp-content\/uploads\/2023\/04\/ORDENANZAS-300x169.png\" class=\"pt-cv-thumbnail\" alt=\"\" srcset=\"https:\/\/www.mdbellavista.gob.pe\/wordpress\/wp-content\/uploads\/2023\/04\/ORDENANZAS-300x169.png 300w, https:\/\/www.mdbellavista.gob.pe\/wordpress\/wp-content\/uploads\/2023\/04\/ORDENANZAS.png 612w\" sizes=\"(max-width: 300px) 100vw, 300px\" \/><\/a>\n<h4 class=\"pt-cv-title\"><a href=\"https:\/\/www.mdbellavista.gob.pe\/wordpress\/?p=2978\" class=\"_self\" target=\"_self\" >Ordenanza Municipal # 019-2023-MDB-S<\/a><\/h4>\n<div class=\"pt-cv-content\">La Municipalidad Distrital de Bellavista-Sullana cumple con poner en su conocimiento p\u00fablico, la Ordenanza Municipal #019-2023-MDB-S de fecha 13 de ...<br \/><div class=\"pt-cv-rmwrap\"><a href=\"https:\/\/www.mdbellavista.gob.pe\/wordpress\/?p=2978\" class=\"_self pt-cv-readmore btn btn-success\" target=\"_self\">Leer M\u00e1s<\/a><\/div><\/div><\/div><\/div>\n<div class=\"col-md-4 col-sm-6 col-xs-12 pt-cv-content-item pt-cv-1-col\" ><div class='pt-cv-ifield'><a href=\"https:\/\/www.mdbellavista.gob.pe\/wordpress\/?p=2579\" class=\"_self pt-cv-href-thumbnail pt-cv-thumb-default\" target=\"_self\" ><img loading=\"lazy\" decoding=\"async\" width=\"300\" height=\"169\" src=\"https:\/\/www.mdbellavista.gob.pe\/wordpress\/wp-content\/uploads\/2023\/04\/ORDENANZAS-300x169.png\" class=\"pt-cv-thumbnail\" alt=\"\" srcset=\"https:\/\/www.mdbellavista.gob.pe\/wordpress\/wp-content\/uploads\/2023\/04\/ORDENANZAS-300x169.png 300w, https:\/\/www.mdbellavista.gob.pe\/wordpress\/wp-content\/uploads\/2023\/04\/ORDENANZAS.png 612w\" sizes=\"(max-width: 300px) 100vw, 300px\" \/><\/a>\n<h4 class=\"pt-cv-title\"><a href=\"https:\/\/www.mdbellavista.gob.pe\/wordpress\/?p=2579\" class=\"_self\" target=\"_self\" >Ordenanza Municipal # 018-2023-MDB-S<\/a><\/h4>\n<div class=\"pt-cv-content\">La Municipalidad Distrital de Bellavista-Sullana cumple con poner en su conocimiento p\u00fablico, la Ordenanza Municipal #018-2023-MDB-S de fecha 06 de ...<br \/><div class=\"pt-cv-rmwrap\"><a href=\"https:\/\/www.mdbellavista.gob.pe\/wordpress\/?p=2579\" class=\"_self pt-cv-readmore btn btn-success\" target=\"_self\">Leer M\u00e1s<\/a><\/div><\/div><\/div><\/div><\/div><\/div><\/div>\n\n\n\n<div class=\"wp-block-buttons is-content-justification-center is-layout-flex wp-container-core-buttons-is-layout-3 wp-block-buttons-is-layout-flex\">\n<div class=\"wp-block-button is-style-outline is-style-outline--87c451f052e04396c669c8ab9f1d6178\"><a class=\"wp-block-button__link has-accent-color has-white-background-color has-text-color has-background wp-element-button\" href=\"http:\/\/www.mdbellavista.gob.pe\/wordpress\/?cat=6\"><strong>Ver m\u00e1s ordenanzas&#8230;<\/strong><\/a><\/div>\n<\/div>\n\n\n\n<div style=\"height:16px\" aria-hidden=\"true\" class=\"wp-block-spacer\"><\/div>\n\n\n\n<hr class=\"wp-block-separator has-alpha-channel-opacity\"\/>\n\n\n\n<h1 class=\"wp-block-heading alignwide has-text-align-center\">RESOLUCIONES DE ALCALD\u00cdA<\/h1>\n\n\n<div class=\"pt-cv-wrapper\"><div class=\"pt-cv-view pt-cv-grid pt-cv-colsys\" id=\"pt-cv-view-e511f076zg\"><div data-id=\"pt-cv-page-1\" class=\"pt-cv-page\" data-cvc=\"3\"><div class=\"col-md-4 col-sm-6 col-xs-12 pt-cv-content-item pt-cv-1-col\" ><div class='pt-cv-ifield'><a href=\"https:\/\/www.mdbellavista.gob.pe\/wordpress\/?p=4501\" class=\"_self pt-cv-href-thumbnail pt-cv-thumb-default\" target=\"_self\" ><img decoding=\"async\" width=\"300\" height=\"169\" src=\"https:\/\/www.mdbellavista.gob.pe\/wordpress\/wp-content\/uploads\/2024\/01\/RESOLUCIONES24-300x169.png\" class=\"pt-cv-thumbnail\" alt=\"\" srcset=\"https:\/\/www.mdbellavista.gob.pe\/wordpress\/wp-content\/uploads\/2024\/01\/RESOLUCIONES24-300x169.png 300w, https:\/\/www.mdbellavista.gob.pe\/wordpress\/wp-content\/uploads\/2024\/01\/RESOLUCIONES24.png 612w\" sizes=\"(max-width: 300px) 100vw, 300px\" \/><\/a>\n<h4 class=\"pt-cv-title\"><a href=\"https:\/\/www.mdbellavista.gob.pe\/wordpress\/?p=4501\" class=\"_self\" target=\"_self\" >RESOLUCIONES DE ALCALDIA N\u00b0542-2024-MDB-S<\/a><\/h4>\n<div class=\"pt-cv-content\">FORMALIZAR la Incorporaci\u00f3n de Recursos Via Cr\u00e9dito Suplementario con la Fuente de Financiamiento, 13 Donaciones y Transferencias por un monto ...<br \/><div class=\"pt-cv-rmwrap\"><a href=\"https:\/\/www.mdbellavista.gob.pe\/wordpress\/?p=4501\" class=\"_self pt-cv-readmore btn btn-success\" target=\"_self\">Leer M\u00e1s<\/a><\/div><\/div><\/div><\/div>\n<div class=\"col-md-4 col-sm-6 col-xs-12 pt-cv-content-item pt-cv-1-col\" ><div class='pt-cv-ifield'><a href=\"https:\/\/www.mdbellavista.gob.pe\/wordpress\/?p=4473\" class=\"_self pt-cv-href-thumbnail pt-cv-thumb-default\" target=\"_self\" ><img decoding=\"async\" width=\"300\" height=\"169\" src=\"https:\/\/www.mdbellavista.gob.pe\/wordpress\/wp-content\/uploads\/2024\/01\/RESOLUCIONES24-300x169.png\" class=\"pt-cv-thumbnail\" alt=\"\" srcset=\"https:\/\/www.mdbellavista.gob.pe\/wordpress\/wp-content\/uploads\/2024\/01\/RESOLUCIONES24-300x169.png 300w, https:\/\/www.mdbellavista.gob.pe\/wordpress\/wp-content\/uploads\/2024\/01\/RESOLUCIONES24.png 612w\" sizes=\"(max-width: 300px) 100vw, 300px\" \/><\/a>\n<h4 class=\"pt-cv-title\"><a href=\"https:\/\/www.mdbellavista.gob.pe\/wordpress\/?p=4473\" class=\"_self\" target=\"_self\" >RESOLUCIONES DE ALCALDIA N\u00b0542-2024-MDB-S<\/a><\/h4>\n<div class=\"pt-cv-content\">FORMALIZAR la Incorporaci\u00f3n de Recursos Via Cr\u00e9dito Suplementario con la Fuente de Financiamiento, 13 Donaciones y Transferencias por un monto ...<br \/><div class=\"pt-cv-rmwrap\"><a href=\"https:\/\/www.mdbellavista.gob.pe\/wordpress\/?p=4473\" class=\"_self pt-cv-readmore btn btn-success\" target=\"_self\">Leer M\u00e1s<\/a><\/div><\/div><\/div><\/div>\n<div class=\"col-md-4 col-sm-6 col-xs-12 pt-cv-content-item pt-cv-1-col\" ><div class='pt-cv-ifield'><a href=\"https:\/\/www.mdbellavista.gob.pe\/wordpress\/?p=4471\" class=\"_self pt-cv-href-thumbnail pt-cv-thumb-default\" target=\"_self\" ><img decoding=\"async\" width=\"300\" height=\"169\" src=\"https:\/\/www.mdbellavista.gob.pe\/wordpress\/wp-content\/uploads\/2024\/01\/RESOLUCIONES24-300x169.png\" class=\"pt-cv-thumbnail\" alt=\"\" srcset=\"https:\/\/www.mdbellavista.gob.pe\/wordpress\/wp-content\/uploads\/2024\/01\/RESOLUCIONES24-300x169.png 300w, https:\/\/www.mdbellavista.gob.pe\/wordpress\/wp-content\/uploads\/2024\/01\/RESOLUCIONES24.png 612w\" sizes=\"(max-width: 300px) 100vw, 300px\" \/><\/a>\n<h4 class=\"pt-cv-title\"><a href=\"https:\/\/www.mdbellavista.gob.pe\/wordpress\/?p=4471\" class=\"_self\" target=\"_self\" >RESOLUCIONES DE ALCALDIA N\u00b0541-2024-MDB-S<\/a><\/h4>\n<div class=\"pt-cv-content\">FORMALIZAR la Incorporaci\u00f3n de Recursos Via Cr\u00e9dito Suplementario con la Fuente de Financiamiento, 13 Donaciones y Transferencias por un monto ...<br \/><div class=\"pt-cv-rmwrap\"><a href=\"https:\/\/www.mdbellavista.gob.pe\/wordpress\/?p=4471\" class=\"_self pt-cv-readmore btn btn-success\" target=\"_self\">Leer M\u00e1s<\/a><\/div><\/div><\/div><\/div><\/div><\/div><\/div>\n\n\n\n<div class=\"wp-block-buttons is-content-justification-center is-layout-flex wp-container-core-buttons-is-layout-4 wp-block-buttons-is-layout-flex\">\n<div class=\"wp-block-button is-style-outline is-style-outline--96e6fabd73fbd51806262958bf2c4383\"><a class=\"wp-block-button__link has-accent-color has-white-background-color has-text-color has-background wp-element-button\" href=\"http:\/\/www.mdbellavista.gob.pe\/wordpress\/?cat=4\"><strong>Ver m\u00e1s resoluciones&#8230;<\/strong><\/a><\/div>\n<\/div>\n\n\n\n<hr class=\"wp-block-separator has-alpha-channel-opacity\"\/>\n\n\n\n<h1 class=\"wp-block-heading has-text-align-center\">RESOLUCIONES DE GERENCIA<\/h1>\n\n\n<div class=\"pt-cv-wrapper\"><div class=\"pt-cv-view pt-cv-grid pt-cv-colsys\" id=\"pt-cv-view-41fd242myo\"><div data-id=\"pt-cv-page-1\" class=\"pt-cv-page\" data-cvc=\"3\"><div class=\"col-md-4 col-sm-6 col-xs-12 pt-cv-content-item pt-cv-1-col\" ><div class='pt-cv-ifield'><a href=\"https:\/\/www.mdbellavista.gob.pe\/wordpress\/?p=4772\" class=\"_self pt-cv-href-thumbnail pt-cv-thumb-default\" target=\"_self\" ><img decoding=\"async\" width=\"300\" height=\"169\" src=\"https:\/\/www.mdbellavista.gob.pe\/wordpress\/wp-content\/uploads\/2024\/01\/RESOLUCIONES24-300x169.png\" class=\"pt-cv-thumbnail\" alt=\"\" srcset=\"https:\/\/www.mdbellavista.gob.pe\/wordpress\/wp-content\/uploads\/2024\/01\/RESOLUCIONES24-300x169.png 300w, https:\/\/www.mdbellavista.gob.pe\/wordpress\/wp-content\/uploads\/2024\/01\/RESOLUCIONES24.png 612w\" sizes=\"(max-width: 300px) 100vw, 300px\" \/><\/a>\n<h4 class=\"pt-cv-title\"><a href=\"https:\/\/www.mdbellavista.gob.pe\/wordpress\/?p=4772\" class=\"_self\" target=\"_self\" >RESOLUCI\u00d3N GERENCIAL N\u00b00043-2024-MDB-S<\/a><\/h4>\n<div class=\"pt-cv-content\">\u00a0OTORGAR, Licencia Municipal de Funcionamiento N\u00b0 0033-2024 de fecha: 04 de diciembre del 2024, de conformidad a la Ley N\u00b0 ...<br \/><div class=\"pt-cv-rmwrap\"><a href=\"https:\/\/www.mdbellavista.gob.pe\/wordpress\/?p=4772\" class=\"_self pt-cv-readmore btn btn-success\" target=\"_self\">Leer M\u00e1s<\/a><\/div><\/div><\/div><\/div>\n<div class=\"col-md-4 col-sm-6 col-xs-12 pt-cv-content-item pt-cv-1-col\" ><div class='pt-cv-ifield'><a href=\"https:\/\/www.mdbellavista.gob.pe\/wordpress\/?p=4653\" class=\"_self pt-cv-href-thumbnail pt-cv-thumb-default\" target=\"_self\" ><img decoding=\"async\" width=\"300\" height=\"169\" src=\"https:\/\/www.mdbellavista.gob.pe\/wordpress\/wp-content\/uploads\/2024\/01\/RESOLUCIONES24-300x169.png\" class=\"pt-cv-thumbnail\" alt=\"\" srcset=\"https:\/\/www.mdbellavista.gob.pe\/wordpress\/wp-content\/uploads\/2024\/01\/RESOLUCIONES24-300x169.png 300w, https:\/\/www.mdbellavista.gob.pe\/wordpress\/wp-content\/uploads\/2024\/01\/RESOLUCIONES24.png 612w\" sizes=\"(max-width: 300px) 100vw, 300px\" \/><\/a>\n<h4 class=\"pt-cv-title\"><a href=\"https:\/\/www.mdbellavista.gob.pe\/wordpress\/?p=4653\" class=\"_self\" target=\"_self\" >RESOLUCI\u00d3N GERENCIAL N\u00b00041-2024-GDE-MDB-S<\/a><\/h4>\n<div class=\"pt-cv-content\">OTORGAR, Licencia Municipal de Funcionamiento N\u00b0 0031-2024 de fecha: 11 de noviembre del 2024, de conformidad a la Ley N\u00b0 ...<br \/><div class=\"pt-cv-rmwrap\"><a href=\"https:\/\/www.mdbellavista.gob.pe\/wordpress\/?p=4653\" class=\"_self pt-cv-readmore btn btn-success\" target=\"_self\">Leer M\u00e1s<\/a><\/div><\/div><\/div><\/div>\n<div class=\"col-md-4 col-sm-6 col-xs-12 pt-cv-content-item pt-cv-1-col\" ><div class='pt-cv-ifield'><a href=\"https:\/\/www.mdbellavista.gob.pe\/wordpress\/?p=4370\" class=\"_self pt-cv-href-thumbnail pt-cv-thumb-default\" target=\"_self\" ><img loading=\"lazy\" decoding=\"async\" width=\"300\" height=\"169\" src=\"https:\/\/www.mdbellavista.gob.pe\/wordpress\/wp-content\/uploads\/2024\/08\/RESOLUCION_GERENCIAL-300x169.png\" class=\"pt-cv-thumbnail\" alt=\"\" srcset=\"https:\/\/www.mdbellavista.gob.pe\/wordpress\/wp-content\/uploads\/2024\/08\/RESOLUCION_GERENCIAL-300x169.png 300w, https:\/\/www.mdbellavista.gob.pe\/wordpress\/wp-content\/uploads\/2024\/08\/RESOLUCION_GERENCIAL.png 612w\" sizes=\"(max-width: 300px) 100vw, 300px\" \/><\/a>\n<h4 class=\"pt-cv-title\"><a href=\"https:\/\/www.mdbellavista.gob.pe\/wordpress\/?p=4370\" class=\"_self\" target=\"_self\" >RESOLUCION GERENCIAL N\u00b00039-2024-GDE\/MDB-S<\/a><\/h4>\n<div class=\"pt-cv-content\">OTORGAR, Licencia Municipal de Funcionamiento N\u00b0 0029-2024 de fecha: 10 de octubre del 2024, de conformidad a la Ley N\u00b0 ...<br \/><div class=\"pt-cv-rmwrap\"><a href=\"https:\/\/www.mdbellavista.gob.pe\/wordpress\/?p=4370\" class=\"_self pt-cv-readmore btn btn-success\" target=\"_self\">Leer M\u00e1s<\/a><\/div><\/div><\/div><\/div><\/div><\/div><\/div>\n","protected":false},"excerpt":{"rendered":"<p>ACUERDOS DE CONCEJO DECRETOS DE ALCALD\u00cdA ORDENANZAS MUNICIPALES RESOLUCIONES DE ALCALD\u00cdA RESOLUCIONES DE GERENCIA<\/p>\n","protected":false},"author":1,"featured_media":0,"parent":0,"menu_order":0,"comment_status":"closed","ping_status":"closed","template":"","meta":{"footnotes":""},"class_list":["post-15","page","type-page","status-publish","hentry"],"_links":{"self":[{"href":"https:\/\/www.mdbellavista.gob.pe\/wordpress\/index.php?rest_route=\/wp\/v2\/pages\/15"}],"collection":[{"href":"https:\/\/www.mdbellavista.gob.pe\/wordpress\/index.php?rest_route=\/wp\/v2\/pages"}],"about":[{"href":"https:\/\/www.mdbellavista.gob.pe\/wordpress\/index.php?rest_route=\/wp\/v2\/types\/page"}],"author":[{"embeddable":true,"href":"https:\/\/www.mdbellavista.gob.pe\/wordpress\/index.php?rest_route=\/wp\/v2\/users\/1"}],"replies":[{"embeddable":true,"href":"https:\/\/www.mdbellavista.gob.pe\/wordpress\/index.php?rest_route=%2Fwp%2Fv2%2Fcomments&post=15"}],"version-history":[{"count":39,"href":"https:\/\/www.mdbellavista.gob.pe\/wordpress\/index.php?rest_route=\/wp\/v2\/pages\/15\/revisions"}],"predecessor-version":[{"id":3911,"href":"https:\/\/www.mdbellavista.gob.pe\/wordpress\/index.php?rest_route=\/wp\/v2\/pages\/15\/revisions\/3911"}],"wp:attachment":[{"href":"https:\/\/www.mdbellavista.gob.pe\/wordpress\/index.php?rest_route=%2Fwp%2Fv2%2Fmedia&parent=15"}],"curies":[{"name":"wp","href":"https:\/\/api.w.org\/{rel}","templated":true}]}}